    {"id":32,"date":"2026-01-23T02:27:20","date_gmt":"2026-01-23T02:27:20","guid":{"rendered":"https:\/\/adfluxor.com\/?page_id=32"},"modified":"2026-01-23T02:28:10","modified_gmt":"2026-01-23T02:28:10","slug":"terms-of-use","status":"publish","type":"page","link":"https:\/\/adfluxor.com\/fr\/terms-of-use\/","title":{"rendered":"Conditions d&#039;utilisation"},"content":{"rendered":"<p>En acc\u00e9dant et en utilisant <strong>AdFluxor<\/strong>, vous acceptez de vous conformer aux conditions d&#039;utilisation suivantes.<\/p>\n\n\n\n<h2 class=\"wp-block-heading\"><strong>Utilisation du site Web<\/strong><\/h2>\n\n\n\n<p>Tout le contenu d&#039;AdFluxor est fourni pour <strong>\u00c0 des fins d&#039;information et d&#039;\u00e9ducation uniquement<\/strong>Ces informations ne doivent pas \u00eatre consid\u00e9r\u00e9es comme des conseils professionnels, juridiques, financiers ou techniques.<\/p>\n\n\n\n<p>Il incombe aux utilisateurs de v\u00e9rifier ind\u00e9pendamment les informations avant d&#039;agir en cons\u00e9quence.<\/p>\n\n\n\n<h2 class=\"wp-block-heading\"><strong>Propri\u00e9t\u00e9 intellectuelle<\/strong><\/h2>\n\n\n\n<p>Sauf indication contraire, tout le contenu publi\u00e9 sur AdFluxor, y compris les textes et les documents originaux, est la propri\u00e9t\u00e9 du site web.<\/p>\n\n\n\n<p>Toute copie, reproduction, redistribution ou republication non autoris\u00e9e du contenu sans autorisation \u00e9crite pr\u00e9alable est interdite.<\/p>\n\n\n\n<h2 class=\"wp-block-heading\"><strong>Limitation de responsabilit\u00e9<\/strong><\/h2>\n\n\n\n<p>AdFluxor ne pourra \u00eatre tenu responsable de\u00a0:<\/p>\n\n\n\n<ul>\n<li>Toute perte, tout dommage ou tout inconv\u00e9nient r\u00e9sultant de la confiance accord\u00e9e aux informations publi\u00e9es sur le site<\/li>\n\n\n\n<li>Probl\u00e8mes d\u00e9coulant de l&#039;utilisation d&#039;applications, de services ou d&#039;outils tiers mentionn\u00e9s<\/li>\n\n\n\n<li>Modifications, mises \u00e0 jour ou interruption des services par des prestataires externes<\/li>\n<\/ul>\n\n\n\n<p>L&#039;utilisation du site web et de son contenu se fait aux risques et p\u00e9rils de l&#039;utilisateur.<\/p>\n\n\n\n<h2 class=\"wp-block-heading\"><strong>Modifications des conditions<\/strong><\/h2>\n\n\n\n<p>Les pr\u00e9sentes conditions d&#039;utilisation peuvent \u00eatre mises \u00e0 jour ou modifi\u00e9es \u00e0 tout moment et sans pr\u00e9avis. La poursuite de l&#039;utilisation du site vaut acceptation des conditions modifi\u00e9es.<\/p>","protected":false},"excerpt":{"rendered":"<p>By accessing and using AdFluxor, you agree to comply with the following Terms of Use. Website Usage All content on AdFluxor is provided for informational and educational purposes only. The information should not be considered professional, legal, financial, or technical advice. Users are responsible for verifying information independently before acting on it. Intellectual Property Unless [&hellip;]<\/p>","protected":false},"author":250,"featured_media":0,"parent":0,"menu_order":0,"comment_status":"closed","ping_status":"closed","template":"","meta":{"footnotes":""},"_links":{"self":[{"href":"https:\/\/adfluxor.com\/fr\/wp-json\/wp\/v2\/pages\/32"}],"collection":[{"href":"https:\/\/adfluxor.com\/fr\/wp-json\/wp\/v2\/pages"}],"about":[{"href":"https:\/\/adfluxor.com\/fr\/wp-json\/wp\/v2\/types\/page"}],"author":[{"embeddable":true,"href":"https:\/\/adfluxor.com\/fr\/wp-json\/wp\/v2\/users\/250"}],"replies":[{"embeddable":true,"href":"https:\/\/adfluxor.com\/fr\/wp-json\/wp\/v2\/comments?post=32"}],"version-history":[{"count":2,"href":"https:\/\/adfluxor.com\/fr\/wp-json\/wp\/v2\/pages\/32\/revisions"}],"predecessor-version":[{"id":34,"href":"https:\/\/adfluxor.com\/fr\/wp-json\/wp\/v2\/pages\/32\/revisions\/34"}],"wp:attachment":[{"href":"https:\/\/adfluxor.com\/fr\/wp-json\/wp\/v2\/media?parent=32"}],"curies":[{"name":"wp","href":"https:\/\/api.w.org\/{rel}","templated":true}]}}