    {"id":35,"date":"2026-01-23T02:28:17","date_gmt":"2026-01-23T02:28:17","guid":{"rendered":"https:\/\/adfluxor.com\/?page_id=35"},"modified":"2026-01-23T02:28:17","modified_gmt":"2026-01-23T02:28:17","slug":"disclaimer","status":"publish","type":"page","link":"https:\/\/adfluxor.com\/fr\/disclaimer\/","title":{"rendered":"Clause de non-responsabilit\u00e9"},"content":{"rendered":"<p>Les informations fournies sur <strong>AdFluxor<\/strong> est propos\u00e9 \u00ab tel quel \u00bb et est destin\u00e9 uniquement \u00e0 <strong>\u00e0 des fins d&#039;information g\u00e9n\u00e9rale<\/strong>.<\/p>\n\n\n\n<p>AdFluxor ne garantit ni l&#039;exhaustivit\u00e9, ni l&#039;exactitude, ni la fiabilit\u00e9, ni la disponibilit\u00e9 des informations publi\u00e9es. Le paysage technologique \u00e9volue rapidement et le contenu peut devenir obsol\u00e8te.<\/p>\n\n\n\n<p>Les r\u00e9f\u00e9rences \u00e0 des applications, marques ou services tiers ne constituent pas une approbation ou une affiliation, sauf mention explicite.<\/p>\n\n\n\n<p>AdFluxor d\u00e9cline toute responsabilit\u00e9 quant aux cons\u00e9quences r\u00e9sultant de l&#039;utilisation des informations trouv\u00e9es sur ce site web.<\/p>","protected":false},"excerpt":{"rendered":"<p>The information provided on AdFluxor is offered on an \u201cas is\u201d basis and is intended solely for general informational purposes. AdFluxor makes no warranties regarding the completeness, accuracy, reliability, or availability of any information published. The technology landscape changes frequently, and content may become outdated over time. References to third-party applications, brands, or services do [&hellip;]<\/p>","protected":false},"author":250,"featured_media":0,"parent":0,"menu_order":0,"comment_status":"closed","ping_status":"closed","template":"","meta":{"footnotes":""},"_links":{"self":[{"href":"https:\/\/adfluxor.com\/fr\/wp-json\/wp\/v2\/pages\/35"}],"collection":[{"href":"https:\/\/adfluxor.com\/fr\/wp-json\/wp\/v2\/pages"}],"about":[{"href":"https:\/\/adfluxor.com\/fr\/wp-json\/wp\/v2\/types\/page"}],"author":[{"embeddable":true,"href":"https:\/\/adfluxor.com\/fr\/wp-json\/wp\/v2\/users\/250"}],"replies":[{"embeddable":true,"href":"https:\/\/adfluxor.com\/fr\/wp-json\/wp\/v2\/comments?post=35"}],"version-history":[{"count":1,"href":"https:\/\/adfluxor.com\/fr\/wp-json\/wp\/v2\/pages\/35\/revisions"}],"predecessor-version":[{"id":36,"href":"https:\/\/adfluxor.com\/fr\/wp-json\/wp\/v2\/pages\/35\/revisions\/36"}],"wp:attachment":[{"href":"https:\/\/adfluxor.com\/fr\/wp-json\/wp\/v2\/media?parent=35"}],"curies":[{"name":"wp","href":"https:\/\/api.w.org\/{rel}","templated":true}]}}