    {"id":20,"date":"2026-01-23T02:20:29","date_gmt":"2026-01-23T02:20:29","guid":{"rendered":"https:\/\/adfluxor.com\/?page_id=20"},"modified":"2026-01-23T02:26:39","modified_gmt":"2026-01-23T02:26:39","slug":"about-us","status":"publish","type":"page","link":"https:\/\/adfluxor.com\/mx\/about-us\/","title":{"rendered":"Sobre nosotros"},"content":{"rendered":"<p><strong>Flujo de anuncios<\/strong> Es un sitio web informativo independiente creado para ayudar a los usuarios a comprender, evaluar y utilizar mejor las aplicaciones m\u00f3viles, las herramientas digitales y los servicios en l\u00ednea que influyen en la productividad, la seguridad y el entretenimiento cotidianos.<\/p>\n\n\n\n<p>En un entorno digital donde aparecen constantemente nuevas aplicaciones, plataformas y tecnolog\u00edas, nuestra misi\u00f3n es proporcionar <strong>informaci\u00f3n clara, estructurada y fiable<\/strong> que ayuda a los usuarios a tomar decisiones informadas sin confusi\u00f3n ni afirmaciones enga\u00f1osas.<\/p>\n\n\n\n<p>Nuestra cobertura editorial se centra en cuatro \u00e1reas principales:<\/p>\n\n\n\n<ul>\n<li><strong>Aplicaciones \u00fatiles<\/strong> \u2013 aplicaciones m\u00f3viles que mejoran la organizaci\u00f3n, el rendimiento, la eficiencia y las tareas cotidianas.<\/li>\n\n\n\n<li><strong>Seguridad y privacidad en l\u00ednea<\/strong> \u2013 seguridad digital, protecci\u00f3n de datos, concienciaci\u00f3n sobre la privacidad y uso responsable de internet<\/li>\n\n\n\n<li><strong>Internet, Wi-Fi y rendimiento<\/strong> \u2013 Optimizaci\u00f3n de la conectividad, velocidad, estabilidad y temas relacionados con la red.<\/li>\n\n\n\n<li><strong>Streaming, televisi\u00f3n y entretenimiento digital<\/strong> \u2013 plataformas, servicios, funciones y consumo de medios digitales<\/li>\n<\/ul>\n\n\n\n<p>Todo el contenido publicado en AdFluxor se crea con un <strong>con fines educativos e informativos<\/strong>Los art\u00edculos pueden incluir tutoriales, explicaciones, comparaciones y orientaci\u00f3n general basada en investigaciones, documentaci\u00f3n disponible p\u00fablicamente y an\u00e1lisis pr\u00e1cticos de tecnolog\u00edas ampliamente utilizadas.<\/p>\n\n\n\n<p>Flujo de anuncios <strong>no desarrolla software<\/strong>, <strong>no es propietario de aplicaciones de terceros<\/strong>, y <strong>no representa ni se asocia oficialmente con empresas o marcas.<\/strong> Los productos o servicios mencionados en el sitio web se incluyen \u00fanicamente con fines editoriales e informativos, salvo que se indique lo contrario.<\/p>\n\n\n\n<p>Para respaldar las operaciones del sitio web, el alojamiento y la creaci\u00f3n continua de contenido, AdFluxor puede mostrar anuncios proporcionados por redes publicitarias de terceros, incluyendo: <strong>Google AdSense<\/strong>La publicidad no influye en las decisiones editoriales, la exactitud del contenido ni la selecci\u00f3n de temas.<\/p>","protected":false},"excerpt":{"rendered":"<p>AdFluxor es un sitio web informativo independiente creado para ayudar a los usuarios a comprender, evaluar y utilizar mejor las aplicaciones m\u00f3viles, las herramientas digitales y los servicios en l\u00ednea que influyen en la productividad, la seguridad y el entretenimiento cotidianos. En un entorno digital donde constantemente aparecen nuevas aplicaciones, plataformas y tecnolog\u00edas, nuestra misi\u00f3n es proporcionar informaci\u00f3n clara, estructurada y fiable que ayude a los usuarios a tomar decisiones informadas.<\/p>","protected":false},"author":250,"featured_media":0,"parent":0,"menu_order":0,"comment_status":"closed","ping_status":"closed","template":"","meta":{"footnotes":""},"_links":{"self":[{"href":"https:\/\/adfluxor.com\/mx\/wp-json\/wp\/v2\/pages\/20"}],"collection":[{"href":"https:\/\/adfluxor.com\/mx\/wp-json\/wp\/v2\/pages"}],"about":[{"href":"https:\/\/adfluxor.com\/mx\/wp-json\/wp\/v2\/types\/page"}],"author":[{"embeddable":true,"href":"https:\/\/adfluxor.com\/mx\/wp-json\/wp\/v2\/users\/250"}],"replies":[{"embeddable":true,"href":"https:\/\/adfluxor.com\/mx\/wp-json\/wp\/v2\/comments?post=20"}],"version-history":[{"count":2,"href":"https:\/\/adfluxor.com\/mx\/wp-json\/wp\/v2\/pages\/20\/revisions"}],"predecessor-version":[{"id":30,"href":"https:\/\/adfluxor.com\/mx\/wp-json\/wp\/v2\/pages\/20\/revisions\/30"}],"wp:attachment":[{"href":"https:\/\/adfluxor.com\/mx\/wp-json\/wp\/v2\/media?parent=20"}],"curies":[{"name":"wp","href":"https:\/\/api.w.org\/{rel}","templated":true}]}}