    {"id":22,"date":"2026-01-23T02:21:23","date_gmt":"2026-01-23T02:21:23","guid":{"rendered":"https:\/\/adfluxor.com\/?page_id=22"},"modified":"2026-01-23T02:23:51","modified_gmt":"2026-01-23T02:23:51","slug":"contact-us","status":"publish","type":"page","link":"https:\/\/adfluxor.com\/mx\/contact-us\/","title":{"rendered":"Cont\u00e1ctanos"},"content":{"rendered":"<p>Valoramos la comunicaci\u00f3n con nuestros lectores.<\/p>\n\n\n\n<p>Si tiene preguntas, comentarios, solicitudes de correcci\u00f3n o consultas generales, p\u00f3ngase en contacto con nosotros a trav\u00e9s del correo electr\u00f3nico que aparece a continuaci\u00f3n:<\/p>\n\n\n\n<div class=\"wpforms-container wpforms-container-full wpforms-render-modern\" id=\"wpforms-24\"><form id=\"wpforms-form-24\" class=\"wpforms-validate wpforms-form wpforms-ajax-form\" data-formid=\"24\" method=\"post\" enctype=\"multipart\/form-data\" action=\"\/mx\/wp-json\/wp\/v2\/pages\/22\" data-token=\"ec92f03a26e925174b8725d267f94b24\" data-token-time=\"1775410341\" data-trp-original-action=\"\/mx\/wp-json\/wp\/v2\/pages\/22\"><noscript class=\"wpforms-error-noscript\">Por favor, activa JavaScript en tu navegador para completar este formulario.<\/noscript><div class=\"wpforms-hidden\" id=\"wpforms-error-noscript\">Por favor, activa JavaScript en tu navegador para completar este formulario.<\/div><div class=\"wpforms-field-container\">\t\t<div id=\"wpforms-24-field_4-container\"\n\t\t\tclass=\"wpforms-field wpforms-field-text\"\n\t\t\tdata-field-type=\"text\"\n\t\t\tdata-field-id=\"4\"\n\t\t\t>\n\t\t\t<label class=\"wpforms-field-label\" for=\"wpforms-24-field_4\" >Email Name Comment<\/label>\n\t\t\t<input type=\"text\" id=\"wpforms-24-field_4\" class=\"wpforms-field-medium\" name=\"wpforms[fields][4]\" >\n\t\t<\/div>\n\t\t<div id=\"wpforms-24-field_1-container\" class=\"wpforms-field wpforms-field-name\" data-field-id=\"1\"><fieldset><legend class=\"wpforms-field-label\">Nombre <span class=\"wpforms-required-label\" aria-hidden=\"true\">*<\/span><\/legend><div class=\"wpforms-field-row wpforms-field-medium\"><div class=\"wpforms-field-row-block wpforms-first wpforms-one-half\"><input type=\"text\" id=\"wpforms-24-field_1\" class=\"wpforms-field-name-first wpforms-field-required\" name=\"wpforms[fields][1][first]\" aria-errormessage=\"wpforms-24-field_1-error\" required><label for=\"wpforms-24-field_1\" class=\"wpforms-field-sublabel after\">Nombre<\/label><\/div><div class=\"wpforms-field-row-block wpforms-one-half\"><input type=\"text\" id=\"wpforms-24-field_1-last\" class=\"wpforms-field-name-last wpforms-field-required\" name=\"wpforms[fields][1][last]\" aria-errormessage=\"wpforms-24-field_1-last-error\" required><label for=\"wpforms-24-field_1-last\" class=\"wpforms-field-sublabel after\">Apellidos<\/label><\/div><\/div><\/fieldset><\/div><div id=\"wpforms-24-field_2-container\" class=\"wpforms-field wpforms-field-email\" data-field-id=\"2\"><label class=\"wpforms-field-label\" for=\"wpforms-24-field_2\">Correo electr\u00f3nico <span class=\"wpforms-required-label\" aria-hidden=\"true\">*<\/span><\/label><input type=\"email\" id=\"wpforms-24-field_2\" class=\"wpforms-field-medium wpforms-field-required\" name=\"wpforms[fields][2]\" spellcheck=\"false\" aria-errormessage=\"wpforms-24-field_2-error\" required><\/div><div id=\"wpforms-24-field_3-container\" class=\"wpforms-field wpforms-field-textarea\" data-field-id=\"3\"><label class=\"wpforms-field-label\" for=\"wpforms-24-field_3\">Comentario o mensaje<\/label><textarea id=\"wpforms-24-field_3\" class=\"wpforms-field-medium\" name=\"wpforms[fields][3]\" aria-errormessage=\"wpforms-24-field_3-error\" ><\/textarea><\/div><script>\n\t\t\t\t( function() {\n\t\t\t\t\tconst style = document.createElement( 'style' );\n\t\t\t\t\tstyle.appendChild( document.createTextNode( '#wpforms-24-field_4-container { position: absolute !important; overflow: hidden !important; display: inline !important; height: 1px !important; width: 1px !important; z-index: -1000 !important; padding: 0 !important; } #wpforms-24-field_4-container input { visibility: hidden; } #wpforms-conversational-form-page #wpforms-24-field_4-container label { counter-increment: none; }' ) );\n\t\t\t\t\tdocument.head.appendChild( style );\n\t\t\t\t\tdocument.currentScript?.remove();\n\t\t\t\t} )();\n\t\t\t<\/script><\/div><!-- .wpforms-field-container --><div class=\"wpforms-submit-container\" ><input type=\"hidden\" name=\"wpforms[id]\" value=\"24\"><input type=\"hidden\" name=\"page_title\" value=\"\"><input type=\"hidden\" name=\"page_url\" value=\"https:\/\/adfluxor.com\/mx\/wp-json\/wp\/v2\/pages\/22\"><input type=\"hidden\" name=\"url_referer\" value=\"\"><button type=\"submit\" name=\"wpforms[submit]\" id=\"wpforms-submit-24\" class=\"wpforms-submit\" data-alt-text=\"Sending...\" data-submit-text=\"Submit\" aria-live=\"assertive\" value=\"wpforms-submit\">Entregar<\/button><img loading=\"lazy\" decoding=\"async\" src=\"https:\/\/adfluxor.com\/wp-content\/plugins\/wpforms-lite\/assets\/images\/submit-spin.svg\" class=\"wpforms-submit-spinner\" style=\"display: none;\" width=\"26\" height=\"26\" alt=\"Cargando\"><\/div><input type=\"hidden\" name=\"trp-form-language\" value=\"mx\"\/><\/form><\/div>  <!-- .wpforms-container -->\n\n\n\n<p>Nuestro objetivo es responder lo m\u00e1s r\u00e1pido posible.<\/p>\n\n\n\n<blockquote class=\"wp-block-quote\">\n<p>Nota: No ofrecemos soporte t\u00e9cnico directo para aplicaciones o servicios de terceros mencionados en este sitio web. Para cualquier problema t\u00e9cnico, p\u00f3ngase en contacto con los desarrolladores o proveedores oficiales.<\/p>\n<\/blockquote>","protected":false},"excerpt":{"rendered":"<p>We value communication with our readers. If you have questions, feedback, correction requests, or general inquiries, please contact us using the email below: We aim to respond as quickly as possible. Please note: We do not provide direct technical support for third-party apps or services mentioned on the site. For technical issues, contact the official [&hellip;]<\/p>","protected":false},"author":250,"featured_media":0,"parent":0,"menu_order":0,"comment_status":"closed","ping_status":"closed","template":"","meta":{"footnotes":""},"_links":{"self":[{"href":"https:\/\/adfluxor.com\/mx\/wp-json\/wp\/v2\/pages\/22"}],"collection":[{"href":"https:\/\/adfluxor.com\/mx\/wp-json\/wp\/v2\/pages"}],"about":[{"href":"https:\/\/adfluxor.com\/mx\/wp-json\/wp\/v2\/types\/page"}],"author":[{"embeddable":true,"href":"https:\/\/adfluxor.com\/mx\/wp-json\/wp\/v2\/users\/250"}],"replies":[{"embeddable":true,"href":"https:\/\/adfluxor.com\/mx\/wp-json\/wp\/v2\/comments?post=22"}],"version-history":[{"count":2,"href":"https:\/\/adfluxor.com\/mx\/wp-json\/wp\/v2\/pages\/22\/revisions"}],"predecessor-version":[{"id":26,"href":"https:\/\/adfluxor.com\/mx\/wp-json\/wp\/v2\/pages\/22\/revisions\/26"}],"wp:attachment":[{"href":"https:\/\/adfluxor.com\/mx\/wp-json\/wp\/v2\/media?parent=22"}],"curies":[{"name":"wp","href":"https:\/\/api.w.org\/{rel}","templated":true}]}}