    {"id":35,"date":"2026-01-23T02:28:17","date_gmt":"2026-01-23T02:28:17","guid":{"rendered":"https:\/\/adfluxor.com\/?page_id=35"},"modified":"2026-01-23T02:28:17","modified_gmt":"2026-01-23T02:28:17","slug":"disclaimer","status":"publish","type":"page","link":"https:\/\/adfluxor.com\/mx\/disclaimer\/","title":{"rendered":"Descargo de responsabilidad"},"content":{"rendered":"<p>La informaci\u00f3n proporcionada en <strong>Flujo de anuncios<\/strong> se ofrece en base a \u201ctal cual\u201d y est\u00e1 destinado \u00fanicamente a <strong>fines informativos generales<\/strong>.<\/p>\n\n\n\n<p>AdFluxor no ofrece garant\u00edas respecto a la integridad, exactitud, fiabilidad o disponibilidad de la informaci\u00f3n publicada. El panorama tecnol\u00f3gico cambia con frecuencia y el contenido puede quedar obsoleto con el tiempo.<\/p>\n\n\n\n<p>Las referencias a aplicaciones, marcas o servicios de terceros no constituyen un respaldo ni una afiliaci\u00f3n, a menos que se indique expl\u00edcitamente.<\/p>\n\n\n\n<p>AdFluxor no se responsabiliza de las consecuencias derivadas del uso de la informaci\u00f3n que se encuentra en este sitio web.<\/p>","protected":false},"excerpt":{"rendered":"<p>The information provided on AdFluxor is offered on an \u201cas is\u201d basis and is intended solely for general informational purposes. AdFluxor makes no warranties regarding the completeness, accuracy, reliability, or availability of any information published. The technology landscape changes frequently, and content may become outdated over time. References to third-party applications, brands, or services do [&hellip;]<\/p>","protected":false},"author":250,"featured_media":0,"parent":0,"menu_order":0,"comment_status":"closed","ping_status":"closed","template":"","meta":{"footnotes":""},"_links":{"self":[{"href":"https:\/\/adfluxor.com\/mx\/wp-json\/wp\/v2\/pages\/35"}],"collection":[{"href":"https:\/\/adfluxor.com\/mx\/wp-json\/wp\/v2\/pages"}],"about":[{"href":"https:\/\/adfluxor.com\/mx\/wp-json\/wp\/v2\/types\/page"}],"author":[{"embeddable":true,"href":"https:\/\/adfluxor.com\/mx\/wp-json\/wp\/v2\/users\/250"}],"replies":[{"embeddable":true,"href":"https:\/\/adfluxor.com\/mx\/wp-json\/wp\/v2\/comments?post=35"}],"version-history":[{"count":1,"href":"https:\/\/adfluxor.com\/mx\/wp-json\/wp\/v2\/pages\/35\/revisions"}],"predecessor-version":[{"id":36,"href":"https:\/\/adfluxor.com\/mx\/wp-json\/wp\/v2\/pages\/35\/revisions\/36"}],"wp:attachment":[{"href":"https:\/\/adfluxor.com\/mx\/wp-json\/wp\/v2\/media?parent=35"}],"curies":[{"name":"wp","href":"https:\/\/api.w.org\/{rel}","templated":true}]}}